{"id":452,"date":"2017-03-18T21:16:52","date_gmt":"2017-03-19T00:16:52","guid":{"rendered":"http:\/\/omecatronico.com.br\/blog\/?page_id=452"},"modified":"2021-01-04T23:22:08","modified_gmt":"2021-01-05T02:22:08","slug":"software","status":"publish","type":"page","link":"https:\/\/omecatronico.com.br\/blog\/software\/","title":{"rendered":"Softwares"},"content":{"rendered":"\n<p>T\u00f3picos Voltados \u00e0 softwares e programa\u00e7\u00e3o.<\/p>\n\n\n\n<hr class=\"wp-block-separator\"\/>\n\n\n\n<p><a href=\"https:\/\/github.com\/almirmv\" target=\"_blank\" rel=\"noreferrer noopener\">GitHub com os c\u00f3digos dos projetos<\/a><\/p>\n\n\n\n<h2 class=\"wp-block-heading\">Arduino:<\/h2>\n\n\n\n<p><a href=\"http:\/\/arduino.cc\">arduino.cc<\/a> (site oficial)<\/p>\n\n\n\n<p><a href=\"https:\/\/www.arduino.cc\/en\/Reference\/HomePage\">Reference<\/a> (refer\u00eancia dos comandos nativos do Arduino)<\/p>\n\n\n\n<p><a href=\"https:\/\/github.com\/z3t0\/Arduino-IRremote\">IRremote Arduino Library<\/a> (biblioteca para uso de Infravermelho no Arduino)<\/p>\n\n\n\n<p><a href=\"http:\/\/www.wch.cn\/download\/CH341SER_ZIP.html\">CH340<\/a> (driver USB necess\u00e1rio para alguns clones de Arduino)<\/p>\n\n\n\n<hr class=\"wp-block-separator\"\/>\n\n\n\n<h2 class=\"wp-block-heading\">ROS: Robot Operating System<\/h2>\n\n\n\n<p><a href=\"http:\/\/ros.org\">ros.org<\/a> (site oficial)<\/p>\n\n\n\n<p><a href=\"http:\/\/www.ros.org\/reps\/rep-0103.html\">Standard Units of Measure and Coordinate Conventions<\/a> (Unidades padr\u00e3o de sistemas de medidas e coordenadas)<\/p>\n\n\n\n<hr class=\"wp-block-separator\"\/>\n\n\n\n<h2 class=\"wp-block-heading\">Programa\u00e7\u00e3o para&nbsp; Dispositivos M\u00f3veis:<\/h2>\n\n\n\n<p><a href=\"http:\/\/phonegap.com\/\">Phonegap.com<\/a> (site oficial)<\/p>\n\n\n\n<ul><li>PhoneGap Desktop App (programa que vai rodar na sua m\u00e1quina)<\/li><li>PhoneGap App Build (programa que roda no celular e ajuda no desenvolvimento)<\/li><\/ul>\n\n\n\n<p><a href=\"https:\/\/cordova.apache.org\/\">Apache Cordova<\/a> (site oficial)<\/p>\n\n\n\n<p><a rel=\"noreferrer noopener\" aria-label=\"MIT App Inventor (abre numa nova aba)\" href=\"http:\/\/appinventor.mit.edu\/explore\/\" target=\"_blank\">MIT App Inventor<\/a> (site oficial): Criar aplicativos para celulares e tablets de forma visual e simples, muito utilizado em escolas para fazer aplicativos.<\/p>\n\n\n\n<hr class=\"wp-block-separator\"\/>\n\n\n\n<h4 class=\"wp-block-heading\">Desenvolvimento de Jogos:<\/h4>\n\n\n\n<p><a href=\"https:\/\/unity.com\" target=\"_blank\" rel=\"noreferrer noopener\" aria-label=\"Unity (abre numa nova aba)\">Unity<\/a> (site oficial): Engine para cria\u00e7\u00e3o de jogos 2D e 3D.<\/p>\n\n\n\n<p><a rel=\"noreferrer noopener\" aria-label=\"Krita (abre numa nova aba)\" href=\"https:\/\/krita.org\" target=\"_blank\">Krita<\/a>(site oficial): cria\u00e7\u00e3o e edi\u00e7\u00e3o de imagens, open source.<\/p>\n\n\n\n<p><a rel=\"noreferrer noopener\" aria-label=\"Dragon Bones (abre numa nova aba)\" href=\"http:\/\/dragonbones.com\" target=\"_blank\">Dragon Bones<\/a> (site oficial): Cria\u00e7\u00e3o de anima\u00e7\u00f5es e personagens 2D<\/p>\n\n\n\n<hr class=\"wp-block-separator\"\/>\n\n\n\n<h4 class=\"wp-block-heading\">Desenvolvimento WEB:<\/h4>\n\n\n\n<p><a rel=\"noreferrer noopener\" aria-label=\"NuBuilder Forte (abre numa nova aba)\" href=\"https:\/\/www.nubuilder.com\/\" target=\"_blank\">NuBuilder Forte<\/a>: sistema muito parecido com o antigo Microsoft Acess. Ele por\u00e9m \u00e9 open source, utiliza banco de dados Mysql e possui flexibilidade para adicionar ou mudar CSS, PHP e javascript. Pode ser baixado pelo <a rel=\"noreferrer noopener\" aria-label=\"SourceForge (abre numa nova aba)\" href=\"https:\/\/sourceforge.net\/projects\/nubuilder\/\" target=\"_blank\">SourceForge<\/a> .<\/p>\n","protected":false},"excerpt":{"rendered":"<p>T\u00f3picos Voltados \u00e0 softwares e programa\u00e7\u00e3o. GitHub com os c\u00f3digos dos projetos Arduino: arduino.cc (site oficial) Reference (refer\u00eancia dos comandos nativos do Arduino) IRremote Arduino Library (biblioteca para uso de Infravermelho no Arduino) CH340 (driver USB necess\u00e1rio para alguns clones de Arduino) ROS: Robot Operating System ros.org (site oficial) Standard Units of Measure and Coordinate [&hellip;]<\/p>\n","protected":false},"author":1,"featured_media":0,"parent":0,"menu_order":0,"comment_status":"closed","ping_status":"closed","template":"","meta":{"footnotes":""},"_links":{"self":[{"href":"https:\/\/omecatronico.com.br\/blog\/wp-json\/wp\/v2\/pages\/452"}],"collection":[{"href":"https:\/\/omecatronico.com.br\/blog\/wp-json\/wp\/v2\/pages"}],"about":[{"href":"https:\/\/omecatronico.com.br\/blog\/wp-json\/wp\/v2\/types\/page"}],"author":[{"embeddable":true,"href":"https:\/\/omecatronico.com.br\/blog\/wp-json\/wp\/v2\/users\/1"}],"replies":[{"embeddable":true,"href":"https:\/\/omecatronico.com.br\/blog\/wp-json\/wp\/v2\/comments?post=452"}],"version-history":[{"count":9,"href":"https:\/\/omecatronico.com.br\/blog\/wp-json\/wp\/v2\/pages\/452\/revisions"}],"predecessor-version":[{"id":903,"href":"https:\/\/omecatronico.com.br\/blog\/wp-json\/wp\/v2\/pages\/452\/revisions\/903"}],"wp:attachment":[{"href":"https:\/\/omecatronico.com.br\/blog\/wp-json\/wp\/v2\/media?parent=452"}],"curies":[{"name":"wp","href":"https:\/\/api.w.org\/{rel}","templated":true}]}}