{"id":447,"date":"2017-03-18T21:11:25","date_gmt":"2017-03-19T00:11:25","guid":{"rendered":"http:\/\/omecatronico.com.br\/blog\/?page_id=447"},"modified":"2019-11-25T00:40:46","modified_gmt":"2019-11-25T03:40:46","slug":"ros","status":"publish","type":"page","link":"https:\/\/omecatronico.com.br\/blog\/ros\/","title":{"rendered":"ROS"},"content":{"rendered":"\n<p>Esta p\u00e1gina cont\u00e9m os posts relacionados ao ROS (Robot Operating System) dispon\u00edvel em <a href=\"http:\/\/ros.org\">ros.org<\/a>. Os posts relacionados aqui foram documenta\u00e7\u00e3o criada por mim para facilitar instala\u00e7\u00f5es e ajudar na hora das d\u00favidas. Se encontrar algum erro, por favor deixe um coment\u00e1rio que irei corrigir brevemente. Ent\u00e3o use a informa\u00e7\u00e3o aqui por sua conta e risco =p. <\/p>\n\n\n\n<ul><li><a rel=\"noreferrer noopener\" aria-label=\"Workshop ROS - Robotic Weekend (introdu\u00e7\u00e3o e conceitos b\u00e1sicos)  (abre numa nova aba)\" href=\"https:\/\/omecatronico.com.br\/blog\/workshop-ros-robotic-weekend\/\" target=\"_blank\">Workshop ROS &#8211; Robotic Weekend (introdu\u00e7\u00e3o e conceitos b\u00e1sicos) <\/a><\/li><li><a rel=\"noreferrer noopener\" href=\"https:\/\/omecatronico.com.br\/blog\/instalacao-ros-melodic-morenia\/\" target=\"_blank\">Instalando o ROS (Melodic Morenia) no Ubuntu 18.04<\/a><\/li><li><a href=\"https:\/\/omecatronico.com.br\/blog\/439-2\/\">Instalando o ROS (Kinetic Kame)no UBUNTU 16.04<\/a><\/li><li><a href=\"https:\/\/omecatronico.com.br\/blog\/ros-kinetic-e-ide-arduino\/\">ROS kinetic e IDE Arduino<\/a><\/li><li><a href=\"https:\/\/omecatronico.com.br\/blog\/ros-kinetic-e-nodemcu-esp8266\/\">ROS e ESP8266<\/a> <\/li><\/ul>\n\n\n\n<hr class=\"wp-block-separator\"\/>\n\n\n\n<h4 class=\"wp-block-heading\">Outros links interessantes sobre o ROS:<\/h4>\n\n\n\n<p><a rel=\"noreferrer noopener\" aria-label=\"ROBOTIS Seminar (abre numa nova aba)\" href=\"https:\/\/github.com\/ROBOTIS-GIT\/ros_seminar\" target=\"_blank\">ROBOTIS Seminar<\/a>: semin\u00e1rio da <a rel=\"noreferrer noopener\" aria-label=\"ROBOTIS (abre numa nova aba)\" href=\"http:\/\/www.robotis.us\/\" target=\"_blank\">ROBOTIS<\/a> sobre o <a rel=\"noreferrer noopener\" aria-label=\"ROS (abre numa nova aba)\" href=\"http:\/\/ros.org\" target=\"_blank\">ROS<\/a> com boa introdu\u00e7\u00e3o e muita informa\u00e7\u00e3o.<\/p>\n\n\n\n<p><a rel=\"noreferrer noopener\" aria-label=\"Livros sobre o ROS (abre numa nova aba)\" href=\"http:\/\/wiki.ros.org\/Books\" target=\"_blank\">Livros sobre o ROS<\/a>: p\u00e1gina com v\u00e1rios livros sobre o ROS. Um muito bom e gratuito \u00e9 o <strong>\u201cROS Robot Programming, A Handbook written by TurtleBot3 Developers\u201d<\/strong>  da ROBOTIS que pode ser <a rel=\"noreferrer noopener\" aria-label=\"baixado aqui (abre numa nova aba)\" href=\"https:\/\/community.robotsource.org\/t\/download-the-ros-robot-programming-book-for-free\/51\" target=\"_blank\">baixado aqui<\/a>.<\/p>\n\n\n\n<p><a rel=\"noreferrer noopener\" aria-label=\"Playlist no youtube (abre numa nova aba)\" href=\"https:\/\/www.youtube.com\/playlist?list=PLRG6WP3c31_U7TFGduEIJWVtkOw6AJjFf\" target=\"_blank\">Playlist no youtube<\/a>: v\u00eddeos baseados no livro  <strong>\u201cROS Robot Programming<\/strong> &#8221; da ROBOTIS mostrado acima.<\/p>\n\n\n\n<p><a rel=\"noreferrer noopener\" aria-label=\"Robotic Source (abre numa nova aba)\" href=\"https:\/\/community.robotsource.org\/\" target=\"_blank\">Robot Source<\/a>: comunidade dedicada a desenvolvimento e compartilhamento de conhecimentos sobre rob\u00f3tica.<\/p>\n\n\n\n<p><a rel=\"noreferrer noopener\" aria-label=\"TheConstructSim (abre numa nova aba)\" href=\"https:\/\/www.theconstructsim.com\/\" target=\"_blank\">TheConstructSim<\/a>: site especializado em aprendizagem ROS, cont\u00e9m simulador na nuvem e cursos pagos ou gratuitos.<\/p>\n","protected":false},"excerpt":{"rendered":"<p>Esta p\u00e1gina cont\u00e9m os posts relacionados ao ROS (Robot Operating System) dispon\u00edvel em ros.org. Os posts relacionados aqui foram documenta\u00e7\u00e3o criada por mim para facilitar instala\u00e7\u00f5es e ajudar na hora das d\u00favidas. Se encontrar algum erro, por favor deixe um coment\u00e1rio que irei corrigir brevemente. Ent\u00e3o use a informa\u00e7\u00e3o aqui por sua conta e risco [&hellip;]<\/p>\n","protected":false},"author":1,"featured_media":0,"parent":0,"menu_order":0,"comment_status":"closed","ping_status":"closed","template":"","meta":{"footnotes":""},"_links":{"self":[{"href":"https:\/\/omecatronico.com.br\/blog\/wp-json\/wp\/v2\/pages\/447"}],"collection":[{"href":"https:\/\/omecatronico.com.br\/blog\/wp-json\/wp\/v2\/pages"}],"about":[{"href":"https:\/\/omecatronico.com.br\/blog\/wp-json\/wp\/v2\/types\/page"}],"author":[{"embeddable":true,"href":"https:\/\/omecatronico.com.br\/blog\/wp-json\/wp\/v2\/users\/1"}],"replies":[{"embeddable":true,"href":"https:\/\/omecatronico.com.br\/blog\/wp-json\/wp\/v2\/comments?post=447"}],"version-history":[{"count":14,"href":"https:\/\/omecatronico.com.br\/blog\/wp-json\/wp\/v2\/pages\/447\/revisions"}],"predecessor-version":[{"id":812,"href":"https:\/\/omecatronico.com.br\/blog\/wp-json\/wp\/v2\/pages\/447\/revisions\/812"}],"wp:attachment":[{"href":"https:\/\/omecatronico.com.br\/blog\/wp-json\/wp\/v2\/media?parent=447"}],"curies":[{"name":"wp","href":"https:\/\/api.w.org\/{rel}","templated":true}]}}